{"id":94,"date":"2018-10-09T07:01:21","date_gmt":"2018-10-09T07:01:21","guid":{"rendered":"https:\/\/calypso-pension.fr\/?page_id=94"},"modified":"2024-06-15T16:48:48","modified_gmt":"2024-06-15T14:48:48","slug":"reserver","status":"publish","type":"page","link":"https:\/\/calypso-pension.fr\/en\/reserver\/","title":{"rendered":"Book Now"},"content":{"rendered":"<h1 class=\"wp-block-heading\"><img data-recalc-dims=\"1\" loading=\"lazy\" decoding=\"async\" data-attachment-id=\"276\" data-permalink=\"https:\/\/calypso-pension.fr\/en\/reserver\/20181027_175753\/\" data-orig-file=\"https:\/\/i0.wp.com\/calypso-pension.fr\/wp-content\/uploads\/2018\/10\/20181027_175753-e1540745197847.jpg?fit=3456%2C4608&amp;ssl=1\" data-orig-size=\"3456,4608\" data-comments-opened=\"1\" data-image-meta=\"{&quot;aperture&quot;:&quot;1.7&quot;,&quot;credit&quot;:&quot;&quot;,&quot;camera&quot;:&quot;SM-A530F&quot;,&quot;caption&quot;:&quot;&quot;,&quot;created_timestamp&quot;:&quot;1540663073&quot;,&quot;copyright&quot;:&quot;&quot;,&quot;focal_length&quot;:&quot;3.93&quot;,&quot;iso&quot;:&quot;40&quot;,&quot;shutter_speed&quot;:&quot;0.02&quot;,&quot;title&quot;:&quot;&quot;,&quot;orientation&quot;:&quot;6&quot;}\" data-image-title=\"20181027_175753\" data-image-description=\"\" data-image-caption=\"\" data-medium-file=\"https:\/\/i0.wp.com\/calypso-pension.fr\/wp-content\/uploads\/2018\/10\/20181027_175753-e1540745197847.jpg?fit=225%2C300&amp;ssl=1\" data-large-file=\"https:\/\/i0.wp.com\/calypso-pension.fr\/wp-content\/uploads\/2018\/10\/20181027_175753-e1540745197847.jpg?fit=768%2C1024&amp;ssl=1\" class=\"size-medium wp-image-276 alignleft\" src=\"https:\/\/i0.wp.com\/calypso-pension.fr\/wp-content\/uploads\/2018\/10\/20181027_175753-e1540745197847-225x300.jpg?resize=225%2C300&#038;ssl=1\" alt=\"Calypso Pension Chats Vend\u00e9e Loge porte\" width=\"225\" height=\"300\" srcset=\"https:\/\/i0.wp.com\/calypso-pension.fr\/wp-content\/uploads\/2018\/10\/20181027_175753-e1540745197847.jpg?resize=225%2C300&amp;ssl=1 225w, https:\/\/i0.wp.com\/calypso-pension.fr\/wp-content\/uploads\/2018\/10\/20181027_175753-e1540745197847.jpg?resize=768%2C1024&amp;ssl=1 768w, https:\/\/i0.wp.com\/calypso-pension.fr\/wp-content\/uploads\/2018\/10\/20181027_175753-e1540745197847.jpg?resize=600%2C800&amp;ssl=1 600w, https:\/\/i0.wp.com\/calypso-pension.fr\/wp-content\/uploads\/2018\/10\/20181027_175753-e1540745197847.jpg?resize=800%2C1067&amp;ssl=1 800w, https:\/\/i0.wp.com\/calypso-pension.fr\/wp-content\/uploads\/2018\/10\/20181027_175753-e1540745197847.jpg?w=1600&amp;ssl=1 1600w, https:\/\/i0.wp.com\/calypso-pension.fr\/wp-content\/uploads\/2018\/10\/20181027_175753-e1540745197847.jpg?w=2400&amp;ssl=1 2400w\" sizes=\"auto, (max-width: 225px) 100vw, 225px\" \/>Book Now<\/h1>\n\n\n\n<p>When you bring your cat to Calypso, we will need to see the cat\u2019s immunisation records. We will check that your cat is up to date with the following immunisations :<\/p>\n\n\n\n<ul class=\"wp-block-list\">\n<li>Feline herpes virus<\/li>\n\n\n\n<li>Feline calicivirus<\/li>\n\n\n\n<li>Feline infectious enteritis<\/li>\n\n\n\n<li>Feline leukaemia virus<\/li>\n<\/ul>\n\n\n\n<p>We will also need to see proof (at least 4 days old) of recent antiparasite treatment (<strong><em>fleas, tics and worms<\/em><\/strong>).<\/p>\n\n\n\n<p>Your cat must be identified with either a tattoo or electronic chip.\nIf your cat is aged 6 months or more then it must be either castrated or sterilised.<\/p>\n\n\n\n<p>A deposit of 30% is required for all booking. This deposit must reach us (by cheque or in person) within 8 days of your dates being confirmed, and must be accompanied by a copy of your cat's immunisation records.<\/p>\n\n\n\n<p>We will also need contact details for somebody in case of emergency. Please download and complete <a href=\"https:\/\/calypso-pension.fr\/wp-content\/uploads\/2018\/10\/en-cas-d-urgence.pdf\" target=\"_blank\" rel=\"noopener noreferrer\">this form<\/a>, le faire signer par la personne concern\u00e9e et nous le faire parvenir avec votre acompte.<\/p>\n\n\n\n<p>In the event of a cancellation, please let us know as soon as possible TO ALLOW OTHER USERS TO BOOK.<\/p>\n\n\n\n<p class=\"has-text-align-center\"><span style=\"color: #ff0000;\">Thanks for your understanding<\/span><\/p>\n\n\n\n<p>En cliquant sur le bouton ci-dessous, vous enverrez un email \u00e0 Calypso. Merci d&rsquo;y indiquer les dates du s\u00e9jour ainsi que votre nom et pr\u00e9nom, adresse email et num\u00e9ro de t\u00e9l\u00e9phone, et le nom de votre chat.<\/p>\n\n\n\n<div class=\"wp-block-buttons alignwide is-content-justification-center is-layout-flex wp-container-core-buttons-is-layout-16018d1d wp-block-buttons-is-layout-flex\">\n<div class=\"wp-block-button\"><a class=\"wp-block-button__link wp-element-button\" href=\"mailto:contact@calypso-pension.fr?subject=R\u00e9servation\">Book Now<\/a><\/div>\n<\/div>","protected":false},"excerpt":{"rendered":"<p>R\u00e9server Lors de l\u2019arriv\u00e9e de votre chat chez Calypso, nous aurons besoin de voir son carnet de sant\u00e9 afin de v\u00e9rifier ses immunisations. Nous devons v\u00e9rifier les immunisations suivantes sont &#8230;<\/p>","protected":false},"author":1,"featured_media":0,"parent":0,"menu_order":0,"comment_status":"closed","ping_status":"closed","template":"","meta":{"jetpack_post_was_ever_published":false,"footnotes":""},"class_list":["post-94","page","type-page","status-publish","hentry"],"jetpack_sharing_enabled":true,"jetpack_shortlink":"https:\/\/wp.me\/Pam3Jj-1w","jetpack-related-posts":[],"_links":{"self":[{"href":"https:\/\/calypso-pension.fr\/en\/wp-json\/wp\/v2\/pages\/94","targetHints":{"allow":["GET"]}}],"collection":[{"href":"https:\/\/calypso-pension.fr\/en\/wp-json\/wp\/v2\/pages"}],"about":[{"href":"https:\/\/calypso-pension.fr\/en\/wp-json\/wp\/v2\/types\/page"}],"author":[{"embeddable":true,"href":"https:\/\/calypso-pension.fr\/en\/wp-json\/wp\/v2\/users\/1"}],"replies":[{"embeddable":true,"href":"https:\/\/calypso-pension.fr\/en\/wp-json\/wp\/v2\/comments?post=94"}],"version-history":[{"count":30,"href":"https:\/\/calypso-pension.fr\/en\/wp-json\/wp\/v2\/pages\/94\/revisions"}],"predecessor-version":[{"id":698,"href":"https:\/\/calypso-pension.fr\/en\/wp-json\/wp\/v2\/pages\/94\/revisions\/698"}],"wp:attachment":[{"href":"https:\/\/calypso-pension.fr\/en\/wp-json\/wp\/v2\/media?parent=94"}],"curies":[{"name":"wp","href":"https:\/\/api.w.org\/{rel}","templated":true}]}}