{"id":6,"date":"2018-09-28T15:42:08","date_gmt":"2018-09-28T15:42:08","guid":{"rendered":"https:\/\/calypso.sites.vendee-web-services.fr\/?page_id=2"},"modified":"2022-12-18T19:35:22","modified_gmt":"2022-12-18T18:35:22","slug":"sample-page-2","status":"publish","type":"page","link":"https:\/\/calypso-pension.fr\/en\/","title":{"rendered":"Welcome"},"content":{"rendered":"<p>The dream of starting a cat hotel has been there for a while. This dream is at last becoming reality. After 2 years of planning, with the inspiration of our own cats, I hope to have created a place where I would bring our cats myself, a home from home, caring, luxurious in a small and personal environment. A place I am very proud of, a place where I enjoy working every day, a place where \u2013 I am convinced \u2013 the most spoiled cat would want to stay.<img data-recalc-dims=\"1\" loading=\"lazy\" decoding=\"async\" data-attachment-id=\"398\" data-permalink=\"https:\/\/calypso-pension.fr\/en\/sample-page-2\/exterieur\/\" data-orig-file=\"https:\/\/i0.wp.com\/calypso-pension.fr\/wp-content\/uploads\/2019\/03\/exterieur.jpg?fit=4608%2C2240&amp;ssl=1\" data-orig-size=\"4608,2240\" data-comments-opened=\"1\" data-image-meta=\"{&quot;aperture&quot;:&quot;0&quot;,&quot;credit&quot;:&quot;&quot;,&quot;camera&quot;:&quot;&quot;,&quot;caption&quot;:&quot;&quot;,&quot;created_timestamp&quot;:&quot;0&quot;,&quot;copyright&quot;:&quot;&quot;,&quot;focal_length&quot;:&quot;0&quot;,&quot;iso&quot;:&quot;0&quot;,&quot;shutter_speed&quot;:&quot;0&quot;,&quot;title&quot;:&quot;&quot;,&quot;orientation&quot;:&quot;0&quot;}\" data-image-title=\"exterieur\" data-image-description=\"\" data-image-caption=\"\" data-medium-file=\"https:\/\/i0.wp.com\/calypso-pension.fr\/wp-content\/uploads\/2019\/03\/exterieur.jpg?fit=300%2C146&amp;ssl=1\" data-large-file=\"https:\/\/i0.wp.com\/calypso-pension.fr\/wp-content\/uploads\/2019\/03\/exterieur.jpg?fit=800%2C389&amp;ssl=1\" class=\"alignright wp-image-398 size-medium\" src=\"https:\/\/i0.wp.com\/calypso-pension.fr\/wp-content\/uploads\/2019\/03\/exterieur.jpg?resize=300%2C146&#038;ssl=1\" alt=\"Calypso Pension Chats Vend\u00e9e Entr\u00e9e\" width=\"300\" height=\"146\" srcset=\"https:\/\/i0.wp.com\/calypso-pension.fr\/wp-content\/uploads\/2019\/03\/exterieur.jpg?resize=300%2C146&amp;ssl=1 300w, https:\/\/i0.wp.com\/calypso-pension.fr\/wp-content\/uploads\/2019\/03\/exterieur.jpg?resize=768%2C373&amp;ssl=1 768w, https:\/\/i0.wp.com\/calypso-pension.fr\/wp-content\/uploads\/2019\/03\/exterieur.jpg?resize=1024%2C498&amp;ssl=1 1024w, https:\/\/i0.wp.com\/calypso-pension.fr\/wp-content\/uploads\/2019\/03\/exterieur.jpg?w=1600&amp;ssl=1 1600w, https:\/\/i0.wp.com\/calypso-pension.fr\/wp-content\/uploads\/2019\/03\/exterieur.jpg?w=2400&amp;ssl=1 2400w\" sizes=\"auto, (max-width: 300px) 100vw, 300px\" \/><\/p>\n<p>Having a passion for cats since an early age, and now a qualified specialist in cats, we welcome your little companions for the duration of your holidays, travel and\/or medical interventions all year round, for as long as you need.<\/p>\n<p>Staying in our cat hotel, exclusively dedicated to cats, is a pleasant experience for your cat and Rita will be on hand to give your cat all the care and attention he or she requires.<\/p>\n<p>On returning home with your cat, do not hesitate to contact us if you notice anything abnormal (behavior, illness); the more information we have about your cat, the better we can prepare his next stay.<\/p>\n<p><img data-recalc-dims=\"1\" loading=\"lazy\" decoding=\"async\" data-attachment-id=\"273\" data-permalink=\"https:\/\/calypso-pension.fr\/en\/sample-page-2\/20181027_173406\/\" data-orig-file=\"https:\/\/i0.wp.com\/calypso-pension.fr\/wp-content\/uploads\/2018\/10\/20181027_173406-e1540745286211.jpg?fit=3456%2C4608&amp;ssl=1\" data-orig-size=\"3456,4608\" data-comments-opened=\"1\" data-image-meta=\"{&quot;aperture&quot;:&quot;1.7&quot;,&quot;credit&quot;:&quot;&quot;,&quot;camera&quot;:&quot;SM-A530F&quot;,&quot;caption&quot;:&quot;&quot;,&quot;created_timestamp&quot;:&quot;1540661646&quot;,&quot;copyright&quot;:&quot;&quot;,&quot;focal_length&quot;:&quot;3.93&quot;,&quot;iso&quot;:&quot;50&quot;,&quot;shutter_speed&quot;:&quot;0.01&quot;,&quot;title&quot;:&quot;&quot;,&quot;orientation&quot;:&quot;6&quot;}\" data-image-title=\"20181027_173406\" data-image-description=\"\" data-image-caption=\"\" data-medium-file=\"https:\/\/i0.wp.com\/calypso-pension.fr\/wp-content\/uploads\/2018\/10\/20181027_173406-e1540745286211.jpg?fit=225%2C300&amp;ssl=1\" data-large-file=\"https:\/\/i0.wp.com\/calypso-pension.fr\/wp-content\/uploads\/2018\/10\/20181027_173406-e1540745286211.jpg?fit=768%2C1024&amp;ssl=1\" class=\"size-medium wp-image-273 alignleft\" src=\"https:\/\/i0.wp.com\/calypso-pension.fr\/wp-content\/uploads\/2018\/10\/20181027_173406-e1540745286211-225x300.jpg?resize=225%2C300&#038;ssl=1\" alt=\"Calypso Pension Chats Vend\u00e9e int\u00e9rieur\" width=\"225\" height=\"300\" srcset=\"https:\/\/i0.wp.com\/calypso-pension.fr\/wp-content\/uploads\/2018\/10\/20181027_173406-e1540745286211.jpg?resize=225%2C300&amp;ssl=1 225w, https:\/\/i0.wp.com\/calypso-pension.fr\/wp-content\/uploads\/2018\/10\/20181027_173406-e1540745286211.jpg?resize=768%2C1024&amp;ssl=1 768w, https:\/\/i0.wp.com\/calypso-pension.fr\/wp-content\/uploads\/2018\/10\/20181027_173406-e1540745286211.jpg?resize=800%2C1067&amp;ssl=1 800w, https:\/\/i0.wp.com\/calypso-pension.fr\/wp-content\/uploads\/2018\/10\/20181027_173406-e1540745286211.jpg?resize=600%2C800&amp;ssl=1 600w, https:\/\/i0.wp.com\/calypso-pension.fr\/wp-content\/uploads\/2018\/10\/20181027_173406-e1540745286211.jpg?w=1600&amp;ssl=1 1600w, https:\/\/i0.wp.com\/calypso-pension.fr\/wp-content\/uploads\/2018\/10\/20181027_173406-e1540745286211.jpg?w=2400&amp;ssl=1 2400w\" sizes=\"auto, (max-width: 225px) 100vw, 225px\" \/>Diploma for the profession of dog and cat boarding house operator in the European Union in accordance with EU Directive 2005\/36 \/ EC of the European Parliament and Council of 7 September 2005 on recognition of professional qualifications.<\/p>\n<p>Our veterinary is:<br \/>\nClinique v\u00e9t\u00e9rinaire des Embruns<br \/>\n105 Avenue Charles de Gaulle<br \/>\n85340 Olonne sur mer<\/p>\n<p>En cas d&rsquo;annulation, merci de nous pr\u00e9venir au plus vite AFIN DE LIB\u00c9RER LES CR\u00c9NEAUX.<\/p>\n<p style=\"text-align: center;\"><span style=\"color: #ff0000;\">Thanks for your understanding<\/span><\/p>","protected":false},"excerpt":{"rendered":"<p>Le r\u00eave de d\u00e9marrer un h\u00f4tel pour chats \u00e9tait l\u00e0 pendant un moment. Ce r\u00eave est enfin en train de se r\u00e9aliser. Apr\u00e8s 2 ans de planification, inspir\u00e9s par nos &#8230;<\/p>","protected":false},"author":1,"featured_media":0,"parent":0,"menu_order":0,"comment_status":"closed","ping_status":"closed","template":"template-frontpage.php","meta":{"jetpack_post_was_ever_published":false,"footnotes":""},"class_list":["post-6","page","type-page","status-publish","hentry"],"jetpack_sharing_enabled":true,"jetpack_shortlink":"https:\/\/wp.me\/Pam3Jj-6","jetpack-related-posts":[],"_links":{"self":[{"href":"https:\/\/calypso-pension.fr\/en\/wp-json\/wp\/v2\/pages\/6","targetHints":{"allow":["GET"]}}],"collection":[{"href":"https:\/\/calypso-pension.fr\/en\/wp-json\/wp\/v2\/pages"}],"about":[{"href":"https:\/\/calypso-pension.fr\/en\/wp-json\/wp\/v2\/types\/page"}],"author":[{"embeddable":true,"href":"https:\/\/calypso-pension.fr\/en\/wp-json\/wp\/v2\/users\/1"}],"replies":[{"embeddable":true,"href":"https:\/\/calypso-pension.fr\/en\/wp-json\/wp\/v2\/comments?post=6"}],"version-history":[{"count":16,"href":"https:\/\/calypso-pension.fr\/en\/wp-json\/wp\/v2\/pages\/6\/revisions"}],"predecessor-version":[{"id":667,"href":"https:\/\/calypso-pension.fr\/en\/wp-json\/wp\/v2\/pages\/6\/revisions\/667"}],"wp:attachment":[{"href":"https:\/\/calypso-pension.fr\/en\/wp-json\/wp\/v2\/media?parent=6"}],"curies":[{"name":"wp","href":"https:\/\/api.w.org\/{rel}","templated":true}]}}