{"id":413,"date":"2019-03-12T19:30:50","date_gmt":"2019-03-12T18:30:50","guid":{"rendered":"https:\/\/calypso-pension.fr\/?page_id=413"},"modified":"2019-03-12T19:40:15","modified_gmt":"2019-03-12T18:40:15","slug":"parution-dans-ouest-france","status":"publish","type":"page","link":"https:\/\/calypso-pension.fr\/en\/parution-dans-ouest-france\/","title":{"rendered":"Press article (in French)"},"content":{"rendered":"<p>Paru le 21 d\u00e9cembre 2018 dans le journal Ouest France (Les Sables D&rsquo;Olonne)<\/p>\n\n\n\n<blockquote class=\"wp-block-quote is-layout-flow wp-block-quote-is-layout-flow\"><p> Enjoy the holidays with peace of mind, your kitty will be well cared for. An Anglo-Belgian couple will look after your favourite feline in the first cattery in town ...<\/p><cite>www.ouest-france.fr<\/cite><\/blockquote>\n\n\n\n<p><a href=\"https:\/\/www.ouest-france.fr\/pays-de-la-loire\/les-sables-dolonne-85100\/les-sables-d-olonne-reveillon-4-etoiles-pour-matous-sablais-6144558\" target=\"_blank\" rel=\"noreferrer noopener\" aria-label=\"Cliquez ici pour lire l'article en entier. (opens in a new tab)\">Cliquez ici pour lire l&rsquo;article en entier.<\/a><\/p>","protected":false},"excerpt":{"rendered":"<p>Paru le 21 d\u00e9cembre 2018 dans le journal Ouest France (Les Sables D&rsquo;Olonne) Passez les f\u00eates tranquilles, vos matous seront bien gard\u00e9s. Un couple anglo-belge s\u2019occupe de vos f\u00e9lins pr\u00e9f\u00e9r\u00e9s &#8230;<\/p>","protected":false},"author":1,"featured_media":0,"parent":0,"menu_order":0,"comment_status":"closed","ping_status":"closed","template":"","meta":{"jetpack_post_was_ever_published":false,"footnotes":""},"class_list":["post-413","page","type-page","status-publish","hentry"],"jetpack_sharing_enabled":true,"jetpack_shortlink":"https:\/\/wp.me\/Pam3Jj-6F","jetpack-related-posts":[],"_links":{"self":[{"href":"https:\/\/calypso-pension.fr\/en\/wp-json\/wp\/v2\/pages\/413","targetHints":{"allow":["GET"]}}],"collection":[{"href":"https:\/\/calypso-pension.fr\/en\/wp-json\/wp\/v2\/pages"}],"about":[{"href":"https:\/\/calypso-pension.fr\/en\/wp-json\/wp\/v2\/types\/page"}],"author":[{"embeddable":true,"href":"https:\/\/calypso-pension.fr\/en\/wp-json\/wp\/v2\/users\/1"}],"replies":[{"embeddable":true,"href":"https:\/\/calypso-pension.fr\/en\/wp-json\/wp\/v2\/comments?post=413"}],"version-history":[{"count":2,"href":"https:\/\/calypso-pension.fr\/en\/wp-json\/wp\/v2\/pages\/413\/revisions"}],"predecessor-version":[{"id":415,"href":"https:\/\/calypso-pension.fr\/en\/wp-json\/wp\/v2\/pages\/413\/revisions\/415"}],"wp:attachment":[{"href":"https:\/\/calypso-pension.fr\/en\/wp-json\/wp\/v2\/media?parent=413"}],"curies":[{"name":"wp","href":"https:\/\/api.w.org\/{rel}","templated":true}]}}