{"id":36,"date":"2018-10-07T08:49:12","date_gmt":"2018-10-07T08:49:12","guid":{"rendered":"https:\/\/calypso.sites.vendee-web-services.fr\/?page_id=36"},"modified":"2024-06-15T17:00:00","modified_gmt":"2024-06-15T15:00:00","slug":"faqs","status":"publish","type":"page","link":"https:\/\/calypso-pension.fr\/en\/faqs\/","title":{"rendered":"Frequently Asked Questions"},"content":{"rendered":"<h2 style=\"text-align: center;\">Most frequently asked questions<\/h2>\n<ol>\n<li><span style=\"font-size: 14pt;\">Where is Calypso \u2013 Cat Hotel?<\/span><br \/>\nWe are in Les Sables D\u2019Olonne (85100) in the Vend\u00e9e, France<\/li>\n<li><span style=\"font-size: 14pt;\">I don\u2019t live in Les Sables d\u2019Olonne. Can I still bring my cat to you?<\/span><br \/>\nYes, of course. We accept cats from all over the Vend\u00e9e, and even beyond.<\/li>\n<li><span style=\"font-size: 14pt;\">How do I book a stay for my cat?<\/span><br \/>\nTake a look at <a href=\"https:\/\/calypso-pension.fr\/en\/reserver\/\">this page<\/a>. The booking procedure is explained there.<\/li>\n<li><span style=\"font-size: 14pt;\">I found a stray cat. Can I bring it to you?<\/span><br \/>\nUnfortunately we are unable to accept stray cats. But give us a <a href=\"\/en\/infos-utiles\/\">ring<\/a>, we may be able to point you in the right direction.<\/li>\n<li><span style=\"font-size: 14pt;\">Does my cat need immunisations?<br \/>\n<\/span>When you make a booking for your cat with Calypso, we will need to see the cat's immunisation records. We will check that your cat is up to date with the following immunisations:<\/p>\n<ul>\n<li>Feline herpes virus<\/li>\n<li>Feline calicivirus<\/li>\n<li>Feline infectious enteritis<\/li>\n<li>Feline leukaemia virus<\/li>\n<\/ul>\n<\/li>\n<li><span style=\"font-size: 14pt;\">What else does my cat need?<\/span><br \/>\nWe will also need to see proof (at least 4 days old) of recent antiparasite treatment (<strong><em>fleas, tics and worms<\/em><\/strong>) devra lui avoir \u00e9t\u00e9 administr\u00e9 4 jours avant son arriv\u00e9e (traitement v\u00e9t\u00e9rinaire ou pharmaceutique). Merci de nous apporter votre preuve d&rsquo;achat.<br \/>\nIf your cat is older than six months during its stay with us, then it must be castrated or sterilised. Whatever your cat\u2019s age, it must be identified with either a tattoo or electronic chip. We will also need contact details for somebody in case of emergency. Please download and complete <a href=\"https:\/\/calypso-pension.fr\/wp-content\/uploads\/2018\/10\/en-cas-d-urgence.pdf\" target=\"_blank\" rel=\"noopener noreferrer\">this form<\/a> and have it signed by the person concerned.<\/li>\n<li><span style=\"font-size: 14pt;\">How do I know if my cat will be happy staying with you?<\/span><br \/>\nAs a specialist in cat behaviour, we can assure you that your cat will be well looked after, spoilt and loved.<br \/>\nWe hold a Diploma in Cat and Dog Boarding Specialist in the European Union, in accordance with the European Directive 2005\/36 \/ CE of the European Parliament and of the Council of the 7th September 2005 relating to the recognition of professional qualifications.<br \/>\nDans un souci d\u2019apaiser vos craintes, nous vous enverrons des photos de votre chat sur Whatsapp pour vous permettre de voir comment s&rsquo;amuse votre chat lors de son s\u00e9jour chez nous (Disponible sur ordinateur, tablette ou t\u00e9l\u00e9phone mobile &#8211; Android ou iOS).<\/li>\n<li><span style=\"font-size: 14pt;\">I haven't received the email.<\/span><br \/>\nIt is possible that your email software has placed our email in your Spam folder. Please check that folder before contacting us.<br \/>\nTo avoid our emails ending up in your Spam folder, please add our address (contact@calypso-pension.fr) to your address book.<\/li>\n<\/ol>","protected":false},"excerpt":{"rendered":"<p>Voici les questions fr\u00e9quemment pos\u00e9es O\u00f9 se trouve Calypso &#8211; Pension pour Chats ? Nous sommes install\u00e9s aux Sables D&rsquo;Olonne (85100) en Vend\u00e9e, France Je n&rsquo;habite pas Les Sables D&rsquo;Olonne. &#8230;<\/p>","protected":false},"author":1,"featured_media":0,"parent":0,"menu_order":0,"comment_status":"closed","ping_status":"closed","template":"","meta":{"jetpack_post_was_ever_published":false,"footnotes":""},"class_list":["post-36","page","type-page","status-publish","hentry"],"jetpack_sharing_enabled":true,"jetpack_shortlink":"https:\/\/wp.me\/Pam3Jj-A","jetpack-related-posts":[],"_links":{"self":[{"href":"https:\/\/calypso-pension.fr\/en\/wp-json\/wp\/v2\/pages\/36","targetHints":{"allow":["GET"]}}],"collection":[{"href":"https:\/\/calypso-pension.fr\/en\/wp-json\/wp\/v2\/pages"}],"about":[{"href":"https:\/\/calypso-pension.fr\/en\/wp-json\/wp\/v2\/types\/page"}],"author":[{"embeddable":true,"href":"https:\/\/calypso-pension.fr\/en\/wp-json\/wp\/v2\/users\/1"}],"replies":[{"embeddable":true,"href":"https:\/\/calypso-pension.fr\/en\/wp-json\/wp\/v2\/comments?post=36"}],"version-history":[{"count":17,"href":"https:\/\/calypso-pension.fr\/en\/wp-json\/wp\/v2\/pages\/36\/revisions"}],"predecessor-version":[{"id":701,"href":"https:\/\/calypso-pension.fr\/en\/wp-json\/wp\/v2\/pages\/36\/revisions\/701"}],"wp:attachment":[{"href":"https:\/\/calypso-pension.fr\/en\/wp-json\/wp\/v2\/media?parent=36"}],"curies":[{"name":"wp","href":"https:\/\/api.w.org\/{rel}","templated":true}]}}