{"id":34,"date":"2018-10-07T08:48:35","date_gmt":"2018-10-07T08:48:35","guid":{"rendered":"https:\/\/calypso.sites.vendee-web-services.fr\/?page_id=34"},"modified":"2021-01-30T18:22:04","modified_gmt":"2021-01-30T17:22:04","slug":"notre-equipe","status":"publish","type":"page","link":"https:\/\/calypso-pension.fr\/en\/notre-equipe\/","title":{"rendered":"Our Team"},"content":{"rendered":"<h2>Rita<\/h2>\n<p><img data-recalc-dims=\"1\" loading=\"lazy\" decoding=\"async\" data-attachment-id=\"191\" data-permalink=\"https:\/\/calypso-pension.fr\/en\/notre-equipe\/rita-and-roger\/\" data-orig-file=\"https:\/\/i0.wp.com\/calypso-pension.fr\/wp-content\/uploads\/2018\/10\/Rita-and-Roger.jpg?fit=279%2C279&amp;ssl=1\" data-orig-size=\"279,279\" data-comments-opened=\"1\" data-image-meta=\"{&quot;aperture&quot;:&quot;0&quot;,&quot;credit&quot;:&quot;&quot;,&quot;camera&quot;:&quot;&quot;,&quot;caption&quot;:&quot;&quot;,&quot;created_timestamp&quot;:&quot;0&quot;,&quot;copyright&quot;:&quot;&quot;,&quot;focal_length&quot;:&quot;0&quot;,&quot;iso&quot;:&quot;0&quot;,&quot;shutter_speed&quot;:&quot;0&quot;,&quot;title&quot;:&quot;&quot;,&quot;orientation&quot;:&quot;0&quot;}\" data-image-title=\"Rita and Roger\" data-image-description=\"\" data-image-caption=\"\" data-medium-file=\"https:\/\/i0.wp.com\/calypso-pension.fr\/wp-content\/uploads\/2018\/10\/Rita-and-Roger.jpg?fit=279%2C279&amp;ssl=1\" data-large-file=\"https:\/\/i0.wp.com\/calypso-pension.fr\/wp-content\/uploads\/2018\/10\/Rita-and-Roger.jpg?fit=279%2C279&amp;ssl=1\" class=\"alignleft wp-image-191 size-full\" src=\"https:\/\/i0.wp.com\/calypso-pension.fr\/wp-content\/uploads\/2018\/10\/Rita-and-Roger.jpg?resize=279%2C279&#038;ssl=1\" alt=\"\" width=\"279\" height=\"279\" srcset=\"https:\/\/i0.wp.com\/calypso-pension.fr\/wp-content\/uploads\/2018\/10\/Rita-and-Roger.jpg?w=279&amp;ssl=1 279w, https:\/\/i0.wp.com\/calypso-pension.fr\/wp-content\/uploads\/2018\/10\/Rita-and-Roger.jpg?resize=150%2C150&amp;ssl=1 150w\" sizes=\"auto, (max-width: 279px) 100vw, 279px\" \/><\/p>\n<p>Originally from Belgium, married to a Brit, and residant in the Vend\u00e9e for several years, Rita is passionate about cats. She has dreamed of opening a cat hotel for quite a while.<\/p>\n<p>Passionate about cats since she was young, she launched Calypso \u2013 Cat Hotel in November 2018 and is proud to look after your cat during your holidays, vacation, travels or medical interventions.<\/p>\n<p>She holds a Diploma in Boarding for Cats and Dogs Specialist in the EU, in accordance with the European Directive 2005\/36 \/ CE of the European Parliament and the Council of September 7th 2005 relating to the recognition of professionnal qualifications.<\/p>\n<h2>Guard Cat<\/h2>\n<p><img data-recalc-dims=\"1\" loading=\"lazy\" decoding=\"async\" data-attachment-id=\"277\" data-permalink=\"https:\/\/calypso-pension.fr\/en\/notre-equipe\/20181021_181416\/\" data-orig-file=\"https:\/\/i0.wp.com\/calypso-pension.fr\/wp-content\/uploads\/2018\/10\/20181021_181416-e1540744677999.jpg?fit=3456%2C4608&amp;ssl=1\" data-orig-size=\"3456,4608\" data-comments-opened=\"1\" data-image-meta=\"{&quot;aperture&quot;:&quot;1.7&quot;,&quot;credit&quot;:&quot;&quot;,&quot;camera&quot;:&quot;SM-A530F&quot;,&quot;caption&quot;:&quot;&quot;,&quot;created_timestamp&quot;:&quot;1540145655&quot;,&quot;copyright&quot;:&quot;&quot;,&quot;focal_length&quot;:&quot;3.93&quot;,&quot;iso&quot;:&quot;40&quot;,&quot;shutter_speed&quot;:&quot;0.0025125628140704&quot;,&quot;title&quot;:&quot;&quot;,&quot;orientation&quot;:&quot;6&quot;}\" data-image-title=\"20181021_181416\" data-image-description=\"\" data-image-caption=\"\" data-medium-file=\"https:\/\/i0.wp.com\/calypso-pension.fr\/wp-content\/uploads\/2018\/10\/20181021_181416-e1540744677999.jpg?fit=225%2C300&amp;ssl=1\" data-large-file=\"https:\/\/i0.wp.com\/calypso-pension.fr\/wp-content\/uploads\/2018\/10\/20181021_181416-e1540744677999.jpg?fit=768%2C1024&amp;ssl=1\" class=\"wp-image-277 size-medium alignleft\" src=\"https:\/\/i0.wp.com\/calypso-pension.fr\/wp-content\/uploads\/2018\/10\/20181021_181416-e1540744677999-225x300.jpg?resize=225%2C300&#038;ssl=1\" alt=\"Calypso Pension Chats Vend\u00e9e Chat de garde\" width=\"225\" height=\"300\" srcset=\"https:\/\/i0.wp.com\/calypso-pension.fr\/wp-content\/uploads\/2018\/10\/20181021_181416-e1540744677999.jpg?resize=225%2C300&amp;ssl=1 225w, https:\/\/i0.wp.com\/calypso-pension.fr\/wp-content\/uploads\/2018\/10\/20181021_181416-e1540744677999.jpg?resize=768%2C1024&amp;ssl=1 768w, https:\/\/i0.wp.com\/calypso-pension.fr\/wp-content\/uploads\/2018\/10\/20181021_181416-e1540744677999.jpg?resize=600%2C800&amp;ssl=1 600w, https:\/\/i0.wp.com\/calypso-pension.fr\/wp-content\/uploads\/2018\/10\/20181021_181416-e1540744677999.jpg?resize=800%2C1067&amp;ssl=1 800w, https:\/\/i0.wp.com\/calypso-pension.fr\/wp-content\/uploads\/2018\/10\/20181021_181416-e1540744677999.jpg?w=1600&amp;ssl=1 1600w, https:\/\/i0.wp.com\/calypso-pension.fr\/wp-content\/uploads\/2018\/10\/20181021_181416-e1540744677999.jpg?w=2400&amp;ssl=1 2400w\" sizes=\"auto, (max-width: 225px) 100vw, 225px\" \/><\/p>\n<p>Our Cat Hotel is carefully guarded by Cali, our guard cat!<\/p>\n<p><img data-recalc-dims=\"1\" loading=\"lazy\" decoding=\"async\" data-attachment-id=\"193\" data-permalink=\"https:\/\/calypso-pension.fr\/en\/notre-equipe\/chat_de_garde\/\" data-orig-file=\"https:\/\/i0.wp.com\/calypso-pension.fr\/wp-content\/uploads\/2018\/10\/Chat_de_garde.jpg?fit=247%2C240&amp;ssl=1\" data-orig-size=\"247,240\" data-comments-opened=\"1\" data-image-meta=\"{&quot;aperture&quot;:&quot;0&quot;,&quot;credit&quot;:&quot;&quot;,&quot;camera&quot;:&quot;&quot;,&quot;caption&quot;:&quot;&quot;,&quot;created_timestamp&quot;:&quot;0&quot;,&quot;copyright&quot;:&quot;&quot;,&quot;focal_length&quot;:&quot;0&quot;,&quot;iso&quot;:&quot;0&quot;,&quot;shutter_speed&quot;:&quot;0&quot;,&quot;title&quot;:&quot;&quot;,&quot;orientation&quot;:&quot;0&quot;}\" data-image-title=\"Chat_de_garde\" data-image-description=\"\" data-image-caption=\"\" data-medium-file=\"https:\/\/i0.wp.com\/calypso-pension.fr\/wp-content\/uploads\/2018\/10\/Chat_de_garde.jpg?fit=247%2C240&amp;ssl=1\" data-large-file=\"https:\/\/i0.wp.com\/calypso-pension.fr\/wp-content\/uploads\/2018\/10\/Chat_de_garde.jpg?fit=247%2C240&amp;ssl=1\" class=\"alignnone size-full wp-image-193\" src=\"https:\/\/i0.wp.com\/calypso-pension.fr\/wp-content\/uploads\/2018\/10\/Chat_de_garde.jpg?resize=247%2C240&#038;ssl=1\" alt=\"Calypso Pension Chats Vend\u00e9e chat de garde\" width=\"247\" height=\"240\" \/><\/p>\n<h2>Seasonal staff<\/h2>\n<p>During the school holidays, we sometimes welcome our grand-children who love to play with our guests, under the watchful eyes of Rita and the ever-present Cali.<\/p>","protected":false},"excerpt":{"rendered":"<p>Rita D&rsquo;origine belge, mari\u00e9e \u00e0 un anglais et r\u00e9sidant depuis plusieurs ann\u00e9es en Vend\u00e9e, Rita est passionn\u00e9e des chats. Elle a r\u00eav\u00e9 d&rsquo;ouvrir une pension exclusivement r\u00e9serv\u00e9e aux chats depuis &#8230;<\/p>","protected":false},"author":1,"featured_media":0,"parent":0,"menu_order":0,"comment_status":"closed","ping_status":"closed","template":"","meta":{"jetpack_post_was_ever_published":false,"footnotes":""},"class_list":["post-34","page","type-page","status-publish","hentry"],"jetpack_sharing_enabled":true,"jetpack_shortlink":"https:\/\/wp.me\/Pam3Jj-y","jetpack-related-posts":[],"_links":{"self":[{"href":"https:\/\/calypso-pension.fr\/en\/wp-json\/wp\/v2\/pages\/34","targetHints":{"allow":["GET"]}}],"collection":[{"href":"https:\/\/calypso-pension.fr\/en\/wp-json\/wp\/v2\/pages"}],"about":[{"href":"https:\/\/calypso-pension.fr\/en\/wp-json\/wp\/v2\/types\/page"}],"author":[{"embeddable":true,"href":"https:\/\/calypso-pension.fr\/en\/wp-json\/wp\/v2\/users\/1"}],"replies":[{"embeddable":true,"href":"https:\/\/calypso-pension.fr\/en\/wp-json\/wp\/v2\/comments?post=34"}],"version-history":[{"count":7,"href":"https:\/\/calypso-pension.fr\/en\/wp-json\/wp\/v2\/pages\/34\/revisions"}],"predecessor-version":[{"id":538,"href":"https:\/\/calypso-pension.fr\/en\/wp-json\/wp\/v2\/pages\/34\/revisions\/538"}],"wp:attachment":[{"href":"https:\/\/calypso-pension.fr\/en\/wp-json\/wp\/v2\/media?parent=34"}],"curies":[{"name":"wp","href":"https:\/\/api.w.org\/{rel}","templated":true}]}}