{"id":119,"date":"2018-10-12T11:30:10","date_gmt":"2018-10-12T11:30:10","guid":{"rendered":"https:\/\/calypso-pension.fr\/?page_id=119"},"modified":"2020-10-22T18:49:31","modified_gmt":"2020-10-22T16:49:31","slug":"reserver4","status":"publish","type":"page","link":"https:\/\/calypso-pension.fr\/en\/reserver4\/","title":{"rendered":"R\u00e9server4"},"content":{"rendered":"<p><br \/>\n\n<div class=\"wpcf7 no-js\" id=\"wpcf7-f269-o1\" lang=\"fr-FR\" dir=\"ltr\" data-wpcf7-id=\"269\">\n<div class=\"screen-reader-response\"><p role=\"status\" aria-live=\"polite\" aria-atomic=\"true\"><\/p> <ul><\/ul><\/div>\n<form action=\"\/en\/wp-json\/wp\/v2\/pages\/119#wpcf7-f269-o1\" method=\"post\" class=\"wpcf7-form init\" aria-label=\"Formulaire de contact\" novalidate=\"novalidate\" data-status=\"init\" data-trp-original-action=\"\/en\/wp-json\/wp\/v2\/pages\/119#wpcf7-f269-o1\">\n<fieldset class=\"hidden-fields-container\"><input type=\"hidden\" name=\"_wpcf7\" value=\"269\" \/><input type=\"hidden\" name=\"_wpcf7_version\" value=\"6.1.4\" \/><input type=\"hidden\" name=\"_wpcf7_locale\" value=\"fr_FR\" \/><input type=\"hidden\" name=\"_wpcf7_unit_tag\" value=\"wpcf7-f269-o1\" \/><input type=\"hidden\" name=\"_wpcf7_container_post\" value=\"0\" \/><input type=\"hidden\" name=\"_wpcf7_posted_data_hash\" value=\"\" \/><input type=\"hidden\" name=\"_wpcf7cf_hidden_group_fields\" value=\"[]\" \/><input type=\"hidden\" name=\"_wpcf7cf_hidden_groups\" value=\"[]\" \/><input type=\"hidden\" name=\"_wpcf7cf_visible_groups\" value=\"[]\" \/><input type=\"hidden\" name=\"_wpcf7cf_repeaters\" value=\"[]\" \/><input type=\"hidden\" name=\"_wpcf7cf_steps\" value=\"{}\" \/><input type=\"hidden\" name=\"_wpcf7cf_options\" value=\"{&quot;form_id&quot;:269,&quot;conditions&quot;:[{&quot;then_field&quot;:&quot;medicaments&quot;,&quot;and_rules&quot;:[{&quot;if_field&quot;:&quot;medicament&quot;,&quot;operator&quot;:&quot;equals&quot;,&quot;if_value&quot;:&quot;yes&quot;}]},{&quot;then_field&quot;:&quot;cam&quot;,&quot;and_rules&quot;:[{&quot;if_field&quot;:&quot;webcam&quot;,&quot;operator&quot;:&quot;equals&quot;,&quot;if_value&quot;:&quot;yes&quot;}]}],&quot;settings&quot;:{&quot;animation&quot;:&quot;yes&quot;,&quot;animation_intime&quot;:200,&quot;animation_outtime&quot;:200,&quot;conditions_ui&quot;:&quot;normal&quot;,&quot;notice_dismissed&quot;:false}}\" \/>\n<\/fieldset>\n<p>Please fill out the form on the previous page.\n<\/p><div class=\"wpcf7-response-output\" aria-hidden=\"true\"><\/div>\n<input type=\"hidden\" name=\"trp-form-language\" value=\"en\"\/><\/form>\n<\/div>\n<\/p>\n<p>When you bring your cat to Calypso, we will need to see the cat\u2019s immunisation records. We will check that your cat is up to date with the following immunisations:<\/p>\n<ul>\n<li>Feline herpes virus<\/li>\n<li>Feline calicivirus<\/li>\n<li>Feline infectious enteritis<\/li>\n<li>Feline leukaemia virus<\/li>\n<\/ul>\n<p>If your cat is older than six months during its stay with us, then it must be identified with either a tattoo or electronic chip.<\/p>\n<p>We will also need contact details for somebody in case of emergency. Please download and complete <a href=\"https:\/\/calypso-pension.fr\/wp-content\/uploads\/2018\/10\/en-cas-d-urgence.pdf\" target=\"_blank\" rel=\"noopener noreferrer\">this form<\/a>, have the person sign it and bring it with you when you bring your cat.<\/p>","protected":false},"excerpt":{"rendered":"<p>Lors de l&rsquo;arriv\u00e9e de votre chat chez Calypso, nous aurons besoin de voir son carnet de sant\u00e9 afin de v\u00e9rifier ses immunisations. Nous devons v\u00e9rifier les immunisations suivantes : Herp\u00e8svirose &#8230;<\/p>","protected":false},"author":1,"featured_media":0,"parent":0,"menu_order":0,"comment_status":"closed","ping_status":"closed","template":"","meta":{"jetpack_post_was_ever_published":false,"footnotes":""},"class_list":["post-119","page","type-page","status-publish","hentry"],"jetpack_sharing_enabled":true,"jetpack_shortlink":"https:\/\/wp.me\/Pam3Jj-1V","jetpack-related-posts":[],"_links":{"self":[{"href":"https:\/\/calypso-pension.fr\/en\/wp-json\/wp\/v2\/pages\/119","targetHints":{"allow":["GET"]}}],"collection":[{"href":"https:\/\/calypso-pension.fr\/en\/wp-json\/wp\/v2\/pages"}],"about":[{"href":"https:\/\/calypso-pension.fr\/en\/wp-json\/wp\/v2\/types\/page"}],"author":[{"embeddable":true,"href":"https:\/\/calypso-pension.fr\/en\/wp-json\/wp\/v2\/users\/1"}],"replies":[{"embeddable":true,"href":"https:\/\/calypso-pension.fr\/en\/wp-json\/wp\/v2\/comments?post=119"}],"version-history":[{"count":11,"href":"https:\/\/calypso-pension.fr\/en\/wp-json\/wp\/v2\/pages\/119\/revisions"}],"predecessor-version":[{"id":677,"href":"https:\/\/calypso-pension.fr\/en\/wp-json\/wp\/v2\/pages\/119\/revisions\/677"}],"wp:attachment":[{"href":"https:\/\/calypso-pension.fr\/en\/wp-json\/wp\/v2\/media?parent=119"}],"curies":[{"name":"wp","href":"https:\/\/api.w.org\/{rel}","templated":true}]}}